{"id":84,"date":"2024-02-21T17:36:08","date_gmt":"2024-02-21T17:36:08","guid":{"rendered":"https:\/\/acasca.pt\/?page_id=84"},"modified":"2025-01-03T15:58:35","modified_gmt":"2025-01-03T15:58:35","slug":"contabilidade-2","status":"publish","type":"page","link":"https:\/\/acasca.pt\/?page_id=84","title":{"rendered":"CONTABILIDADE"},"content":{"rendered":"\n<div class=\"wp-block-group is-content-justification-center is-nowrap is-layout-flex wp-container-core-group-is-layout-94bc23d7 wp-block-group-is-layout-flex\">\n<div class=\"wp-block-columns is-layout-flex wp-container-core-columns-is-layout-9d6595d7 wp-block-columns-is-layout-flex\">\n<div class=\"wp-block-column is-layout-flow wp-block-column-is-layout-flow\" style=\"flex-basis:100%\"><\/div>\n<\/div>\n<\/div>\n\n\n\n<div class=\"wp-block-columns is-layout-flex wp-container-core-columns-is-layout-9d6595d7 wp-block-columns-is-layout-flex\">\n<div class=\"wp-block-column is-layout-flow wp-block-column-is-layout-flow\" style=\"flex-basis:100%\">\n<div class=\"wp-block-columns is-layout-flex wp-container-core-columns-is-layout-9d6595d7 wp-block-columns-is-layout-flex\">\n<div class=\"wp-block-column is-layout-flow wp-block-column-is-layout-flow\">\n<p class=\"has-text-align-center\"><strong>CONTABILIDADE ORGANIZADA<\/strong><\/p>\n\n\n\n<ul class=\"wp-block-list\">\n<li>Contabilidade de Sociedades Comerciais, IPSS, Associa\u00e7\u00f5es e Entidades p\u00fablicas;<\/li>\n\n\n\n<li>Contabilidade geral ou contabilidade anal\u00edtica;<\/li>\n\n\n\n<li>Recupera\u00e7\u00e3o de contabilidade;<\/li>\n\n\n\n<li>Preenchimento e entrega de todas as declara\u00e7\u00f5es fiscais obrigat\u00f3rias.<br><\/li>\n<\/ul>\n<\/div>\n\n\n\n<div class=\"wp-block-column is-layout-flow wp-block-column-is-layout-flow\">\n<p class=\"has-text-align-center\"><strong>CONTABILIDADE N\u00c3O ORGANIZADA<\/strong><\/p>\n\n\n\n<p>Para Empres\u00e1rios em Nome Individual e Profissionais Liberais<br>Servi\u00e7o de regime simplificado<br>Execu\u00e7\u00e3o de contabilidade por meios inform\u00e1ticos<br>Preenchimento e entrega de todas as declara\u00e7\u00f5es fiscais obrigat\u00f3rias.<br><strong>Assist\u00eancia Fiscal<\/strong><br>Estudos para enquadramento fiscal dos contribuintes.<br>Execu\u00e7\u00e3o e envio via Internet das obriga\u00e7\u00f5es e declara\u00e7\u00f5es fiscais:<\/p>\n\n\n\n<ul class=\"wp-block-list\">\n<li>Declara\u00e7\u00f5es de IVA;<\/li>\n\n\n\n<li>Reten\u00e7\u00f5es de IRS\/IRC;<\/li>\n\n\n\n<li>Seguran\u00e7a Social;<\/li>\n\n\n\n<li>Apoio em reclama\u00e7\u00f5es e contesta\u00e7\u00f5es fiscais;<\/li>\n\n\n\n<li>Solicita\u00e7\u00e3o de reembolsos do IVA \u00e0 AT.<\/li>\n<\/ul>\n<\/div>\n<\/div>\n<\/div>\n<\/div>\n\n\n\n<p><\/p>\n","protected":false},"excerpt":{"rendered":"<p>CONTABILIDADE ORGANIZADA CONTABILIDADE N\u00c3O ORGANIZADA Para Empres\u00e1rios em Nome Individual e Profissionais LiberaisServi\u00e7o de regime simplificadoExecu\u00e7\u00e3o de contabilidade por meios inform\u00e1ticosPreenchimento e entrega de todas as declara\u00e7\u00f5es fiscais obrigat\u00f3rias.Assist\u00eancia FiscalEstudos para enquadramento fiscal dos contribuintes.Execu\u00e7\u00e3o e envio via Internet das obriga\u00e7\u00f5es e declara\u00e7\u00f5es fiscais:<\/p>\n","protected":false},"author":1,"featured_media":0,"parent":0,"menu_order":0,"comment_status":"closed","ping_status":"closed","template":"fullwidth.php","meta":{"footnotes":""},"class_list":["post-84","page","type-page","status-publish","hentry"],"_links":{"self":[{"href":"https:\/\/acasca.pt\/index.php?rest_route=\/wp\/v2\/pages\/84","targetHints":{"allow":["GET"]}}],"collection":[{"href":"https:\/\/acasca.pt\/index.php?rest_route=\/wp\/v2\/pages"}],"about":[{"href":"https:\/\/acasca.pt\/index.php?rest_route=\/wp\/v2\/types\/page"}],"author":[{"embeddable":true,"href":"https:\/\/acasca.pt\/index.php?rest_route=\/wp\/v2\/users\/1"}],"replies":[{"embeddable":true,"href":"https:\/\/acasca.pt\/index.php?rest_route=%2Fwp%2Fv2%2Fcomments&post=84"}],"version-history":[{"count":17,"href":"https:\/\/acasca.pt\/index.php?rest_route=\/wp\/v2\/pages\/84\/revisions"}],"predecessor-version":[{"id":284,"href":"https:\/\/acasca.pt\/index.php?rest_route=\/wp\/v2\/pages\/84\/revisions\/284"}],"wp:attachment":[{"href":"https:\/\/acasca.pt\/index.php?rest_route=%2Fwp%2Fv2%2Fmedia&parent=84"}],"curies":[{"name":"wp","href":"https:\/\/api.w.org\/{rel}","templated":true}]}}