{"id":75,"date":"2024-02-21T17:32:27","date_gmt":"2024-02-21T17:32:27","guid":{"rendered":"https:\/\/acasca.pt\/?page_id=75"},"modified":"2025-01-03T16:42:54","modified_gmt":"2025-01-03T16:42:54","slug":"projetos","status":"publish","type":"page","link":"https:\/\/acasca.pt\/?page_id=75","title":{"rendered":"PROJETOS DE INVESTIMENTO"},"content":{"rendered":"\n<p>No competitivo mundo dos neg\u00f3cios, uma ideia brilhante s\u00f3 ganha vida quando \u00e9 acompanhada por um plano s\u00f3lido e bem estruturado. \u00c9 aqui que entramos em a\u00e7\u00e3o.<\/p>\n\n\n\n<p>Especializ\u00e1mo-nos na <strong>elabora\u00e7\u00e3o de projetos de investimento<\/strong> que n\u00e3o s\u00f3 destacam o potencial da sua ideia, mas tamb\u00e9m garantem a sua viabilidade junto de financiadores, parceiros e institui\u00e7\u00f5es.<\/p>\n\n\n\n<p>O nosso servi\u00e7o inclui:<\/p>\n\n\n\n<ul class=\"wp-block-list\">\n<li><strong>An\u00e1lise personalizada do seu neg\u00f3cio<\/strong>: Identifica\u00e7\u00e3o de oportunidades e alinhamento com as tend\u00eancias do mercado.<\/li>\n\n\n\n<li><strong>Estrat\u00e9gia financeira robusta<\/strong>: Prepara\u00e7\u00e3o de previs\u00f5es financeiras claras e realistas para demonstrar a rentabilidade do investimento.<\/li>\n\n\n\n<li><strong>Planifica\u00e7\u00e3o detalhada<\/strong>: Estrutura\u00e7\u00e3o de planos operacionais que facilitam a execu\u00e7\u00e3o e o acompanhamento do projeto.<\/li>\n\n\n\n<li><strong>Apoio em candidaturas a financiamentos<\/strong>: Documenta\u00e7\u00e3o completa para aumentar as suas hip\u00f3teses de aprova\u00e7\u00e3o em programas de financiamento e incentivos.<\/li>\n<\/ul>\n\n\n\n<p>Quer esteja a lan\u00e7ar uma nova ideia ou a expandir o seu neg\u00f3cio, os nossos especialistas est\u00e3o aqui para ajudar. Trabalhamos consigo em cada etapa para transformar o seu projeto numa proposta cativante e s\u00f3lida.<\/p>\n\n\n\n<p><strong>Invista com confian\u00e7a. Fa\u00e7a-nos parte do seu sucesso.<\/strong><br>Contacte-nos hoje mesmo e descubra como podemos ajudar a levar o seu projeto ao pr\u00f3ximo n\u00edvel.<\/p>\n\n\n\n<p>Para mais informa\u00e7\u00f5es consulte <a href=\"https:\/\/acasca.my.canva.site\/site-inova-o-produtiva\" target=\"_blank\" rel=\"noreferrer noopener\">aqui<\/a> a nossa p\u00e1gina de projetos de investimento.<\/p>\n\n\n\n<p><\/p>\n","protected":false},"excerpt":{"rendered":"<p>No competitivo mundo dos neg\u00f3cios, uma ideia brilhante s\u00f3 ganha vida quando \u00e9 acompanhada por um plano s\u00f3lido e bem estruturado. \u00c9 aqui que entramos em a\u00e7\u00e3o. Especializ\u00e1mo-nos na elabora\u00e7\u00e3o de projetos de investimento que n\u00e3o s\u00f3 destacam o potencial da sua ideia, mas tamb\u00e9m garantem a sua viabilidade junto de financiadores, parceiros e institui\u00e7\u00f5es. [&hellip;]<\/p>\n","protected":false},"author":1,"featured_media":0,"parent":0,"menu_order":0,"comment_status":"closed","ping_status":"closed","template":"fullwidth.php","meta":{"footnotes":""},"class_list":["post-75","page","type-page","status-publish","hentry"],"_links":{"self":[{"href":"https:\/\/acasca.pt\/index.php?rest_route=\/wp\/v2\/pages\/75","targetHints":{"allow":["GET"]}}],"collection":[{"href":"https:\/\/acasca.pt\/index.php?rest_route=\/wp\/v2\/pages"}],"about":[{"href":"https:\/\/acasca.pt\/index.php?rest_route=\/wp\/v2\/types\/page"}],"author":[{"embeddable":true,"href":"https:\/\/acasca.pt\/index.php?rest_route=\/wp\/v2\/users\/1"}],"replies":[{"embeddable":true,"href":"https:\/\/acasca.pt\/index.php?rest_route=%2Fwp%2Fv2%2Fcomments&post=75"}],"version-history":[{"count":4,"href":"https:\/\/acasca.pt\/index.php?rest_route=\/wp\/v2\/pages\/75\/revisions"}],"predecessor-version":[{"id":291,"href":"https:\/\/acasca.pt\/index.php?rest_route=\/wp\/v2\/pages\/75\/revisions\/291"}],"wp:attachment":[{"href":"https:\/\/acasca.pt\/index.php?rest_route=%2Fwp%2Fv2%2Fmedia&parent=75"}],"curies":[{"name":"wp","href":"https:\/\/api.w.org\/{rel}","templated":true}]}}