{"id":230,"date":"2024-02-23T08:40:05","date_gmt":"2024-02-23T08:40:05","guid":{"rendered":"https:\/\/acasca.pt\/?page_id=230"},"modified":"2024-02-23T08:40:35","modified_gmt":"2024-02-23T08:40:35","slug":"quem-somos","status":"publish","type":"page","link":"https:\/\/acasca.pt\/?page_id=230","title":{"rendered":"QUEM SOMOS"},"content":{"rendered":"\n<p>O sucesso das organiza\u00e7\u00f5es depende do n\u00edvel de conhecimento que possuem da sua estrutura, bem como do controlo que \u00e9 desenvolvido para a sua gest\u00e3o.<\/p>\n\n\n\n<p>Atualmente as organiza\u00e7\u00f5es necessitam de estar focadas no seu&nbsp;<strong><em>core business<\/em><\/strong>, o que faz com que, na maior parte das vezes, n\u00e3o tenham tempo para as quest\u00f5es administrativas e burocr\u00e1ticas. Surge assim a necessidade de um acompanhamento aos seus neg\u00f3cios como forma de garante da sua&nbsp;competitividade&nbsp;no mercado.<\/p>\n\n\n\n<p>Pensando nisso, surgiu a empresa&nbsp;<strong><em>ACASCA \u2013 ACCOUNTING &amp; CONSULTING, LDA<\/em><\/strong>, que tem como objetivo principal atender \u00e0s necessidades das empresas, suprindo com os seus servi\u00e7os, todas as organiza\u00e7\u00f5es&nbsp;contabil\u00edsticas&nbsp;e fiscais, bem como o planeamento financeiro, administrativo&nbsp;e de gastos das empresas. Desta forma o empres\u00e1rio poder\u00e1 identificar com facilidade a sua situa\u00e7\u00e3o econ\u00f3mica\/financeira, aplica\u00e7\u00e3o das t\u00e9cnicas de gest\u00e3o mais recentes, como tamb\u00e9m a redu\u00e7\u00e3o dos seus gastos e assim a empresa nossa cliente ser\u00e1 mais competitiva no mercado.<\/p>\n\n\n\n<p>Os nossos servi\u00e7os apresentam um conjunto de&nbsp;caracter\u00edsticas&nbsp;com valor acrescentado para os nossos clientes.<\/p>\n\n\n\n<p>&nbsp;<strong>MISS\u00c3O\/VIS\u00c3O<\/strong><\/p>\n\n\n\n<p>No mundo das organiza\u00e7\u00f5es a nossa miss\u00e3o consiste no aconselhamento e apoio \u00e0 gest\u00e3o, contribuindo para um desenvolvimento sustent\u00e1vel das organiza\u00e7\u00f5es.<\/p>\n\n\n\n<p><strong><em>O sucesso dos nossos clientes \u00e9 o nosso sucesso.<\/em><\/strong><\/p>\n\n\n\n<p>A ACASCA pretende atrav\u00e9s dos valores \u00e9ticos, credibilidade, responsabilidade e qualidade prestar um servi\u00e7o de apoio \u00e0 gest\u00e3o \u00e0s PME com a finalidade de atingir no m\u00e9dio prazo uma empresa de refer\u00eancia na regi\u00e3o centro do pa\u00eds.<\/p>\n\n\n\n<p><strong>2000<\/strong>&nbsp;\u2013 Inicio da atividade de apoio \u00e0 gest\u00e3o de PME\u2019s do CEO \u2013 Ant\u00f3nio Casca<\/p>\n\n\n\n<p><strong>2005<\/strong>&nbsp;\u2013 Cria\u00e7\u00e3o da A CASCA com entrada de mais s\u00f3cios para responder \u00e0s necessidades do mercado<\/p>\n\n\n\n<p><strong>2009<\/strong>&nbsp;\u2013 A ACASCA alargou a sua atividade para a forma\u00e7\u00e3o aa \u00e1rea da contabilidade \u2013 IFRS\/SNC<\/p>\n\n\n\n<p><strong>2010<\/strong>&nbsp;\u2013 Consolida\u00e7\u00e3o da posi\u00e7\u00e3o da ACASCA no mercado da consultadoria \u00e0s PME\u2019s.<\/p>\n\n\n\n<p><strong>2011<\/strong>&nbsp;\u2013 A ACASCA criou um departamento dedicado ao apoio ao empreendedor no desenvolvimento das suas ideias de neg\u00f3cio<\/p>\n\n\n\n<p><strong>2013<\/strong>&nbsp;\u2013 As novas tend\u00eancias da gest\u00e3o nomeadamente na gest\u00e3o de projetos e na sustentabilidade associado \u00e0 elevada procura de consultadoria nas&nbsp;\u00e1rea&nbsp;da sustentabilidade empresarial e da gest\u00e3o de projetos&nbsp;conduziu-nos \u00e0 cria\u00e7\u00e3o de um servi\u00e7o de&nbsp;consultadoria&nbsp;de apoio ao desenvolvimento dos&nbsp;neg\u00f3cios&nbsp;numa&nbsp;perspectiva&nbsp;sustent\u00e1vel.<\/p>\n\n\n\n<p><strong>2014<\/strong>&nbsp;\u2013 Com a elevada necessidade da gest\u00e3o da informa\u00e7\u00e3o e do conhecimento nas organiza\u00e7\u00f5es criamos um servi\u00e7o com a finalidade de desenvolver e implicar processos e procedimentos para um crescimento controlado das organiza\u00e7\u00f5es.<\/p>\n\n\n\n<p>A ACASCA est\u00e1 no mercado para responder \u00e0s quest\u00f5es e necessidades dos empreendedores.<\/p>\n\n\n\n<p><strong>CEO<\/strong><\/p>\n\n\n\n<p>Ant\u00f3nio Casca<\/p>\n","protected":false},"excerpt":{"rendered":"<p>O sucesso das organiza\u00e7\u00f5es depende do n\u00edvel de conhecimento que possuem da sua estrutura, bem como do controlo que \u00e9 desenvolvido para a sua gest\u00e3o. Atualmente as organiza\u00e7\u00f5es necessitam de estar focadas no seu&nbsp;core business, o que faz com que, na maior parte das vezes, n\u00e3o tenham tempo para as quest\u00f5es administrativas e burocr\u00e1ticas. Surge [&hellip;]<\/p>\n","protected":false},"author":1,"featured_media":0,"parent":0,"menu_order":0,"comment_status":"closed","ping_status":"closed","template":"fullwidth.php","meta":{"footnotes":""},"class_list":["post-230","page","type-page","status-publish","hentry"],"_links":{"self":[{"href":"https:\/\/acasca.pt\/index.php?rest_route=\/wp\/v2\/pages\/230","targetHints":{"allow":["GET"]}}],"collection":[{"href":"https:\/\/acasca.pt\/index.php?rest_route=\/wp\/v2\/pages"}],"about":[{"href":"https:\/\/acasca.pt\/index.php?rest_route=\/wp\/v2\/types\/page"}],"author":[{"embeddable":true,"href":"https:\/\/acasca.pt\/index.php?rest_route=\/wp\/v2\/users\/1"}],"replies":[{"embeddable":true,"href":"https:\/\/acasca.pt\/index.php?rest_route=%2Fwp%2Fv2%2Fcomments&post=230"}],"version-history":[{"count":1,"href":"https:\/\/acasca.pt\/index.php?rest_route=\/wp\/v2\/pages\/230\/revisions"}],"predecessor-version":[{"id":232,"href":"https:\/\/acasca.pt\/index.php?rest_route=\/wp\/v2\/pages\/230\/revisions\/232"}],"wp:attachment":[{"href":"https:\/\/acasca.pt\/index.php?rest_route=%2Fwp%2Fv2%2Fmedia&parent=230"}],"curies":[{"name":"wp","href":"https:\/\/api.w.org\/{rel}","templated":true}]}}