{"id":174,"date":"2024-02-22T11:27:43","date_gmt":"2024-02-22T11:27:43","guid":{"rendered":"https:\/\/acasca.pt\/?page_id=174"},"modified":"2024-04-19T17:54:30","modified_gmt":"2024-04-19T17:54:30","slug":"noticias","status":"publish","type":"page","link":"https:\/\/acasca.pt\/?page_id=174","title":{"rendered":"NOT\u00cdCIAS"},"content":{"rendered":"\n<div class=\"wp-block-group has-medium-font-size is-vertical is-layout-flex wp-container-core-group-is-layout-8cf370e7 wp-block-group-is-layout-flex\"><ul class=\"is-grid columns-2 has-dates has-excerpts wp-block-rss\"><li class='wp-block-rss__item'><div class='wp-block-rss__item-title'><a href='https:\/\/acasca.blogs.sapo.pt\/estrategias-para-enfrentar-o-choque-211786'>Estrat\u00e9gias para Enfrentar o Choque Petrol\u00edfero de 2026<\/a><\/div><time datetime=\"2026-03-21T16:15:00+00:00\" class=\"wp-block-rss__item-publish-date\">Mar\u00e7o 21, 2026<\/time> <div class=\"wp-block-rss__item-excerpt\">O atual bloqueio do Estreito de Ormuz interrompeu o fluxo de cerca de 20 milh\u00f5es de barris di\u00e1rios. Este cen\u00e1rio exige mais do que apenas libertar reservas; imp\u00f5e uma gest\u00e3o agressiva e inteligente da procura. \u00a0 1. Contexto: A Crise de 2026 e o Fator Ormuz O bloqueio desta rota [&hellip;]<\/div><\/li><li class='wp-block-rss__item'><div class='wp-block-rss__item-title'><a href='https:\/\/acasca.blogs.sapo.pt\/alerta-irs-2026-saiba-o-que-fazer-para-211381'>Alerta IRS 2026: Saiba o que fazer para maximizar o seu reembolso.<\/a><\/div><time datetime=\"2026-02-22T12:06:00+00:00\" class=\"wp-block-rss__item-publish-date\">Fevereiro 22, 2026<\/time> <div class=\"wp-block-rss__item-excerpt\">Parece que ainda ontem est\u00e1vamos a celebrar o Ano Novo, e de repente, o m\u00eas de mar\u00e7o j\u00e1 espreita ao virar da esquina. E o que \u00e9 que isso significa no mundo das finan\u00e7as pessoais? Significa que a &quot;\u00e9poca do IRS&quot; est\u00e1 quase a come\u00e7ar! Para garantir que prepara adequadamente [&hellip;]<\/div><\/li><li class='wp-block-rss__item'><div class='wp-block-rss__item-title'><a href='https:\/\/acasca.blogs.sapo.pt\/as-principais-tendencias-de-gestao-nas-204570'>As principais tend\u00eancias de gest\u00e3o nas PME<\/a><\/div><time datetime=\"2026-02-19T11:30:00+00:00\" class=\"wp-block-rss__item-publish-date\">Fevereiro 19, 2026<\/time> <div class=\"wp-block-rss__item-excerpt\">As principais tend\u00eancias de gest\u00e3o nas PME O que os gestores precisam de saber para preparar o futuro das suas empresas Num mundo em constante transforma\u00e7\u00e3o, as pequenas e m\u00e9dias empresas (PME) enfrentam novos desafios todos os dias. A evolu\u00e7\u00e3o tecnol\u00f3gica, as mudan\u00e7as nos h\u00e1bitos dos consumidores e a crescente [&hellip;]<\/div><\/li><li class='wp-block-rss__item'><div class='wp-block-rss__item-title'><a href='https:\/\/acasca.blogs.sapo.pt\/criacao-de-um-plano-de-negocios-em-207361'>Cria\u00e7\u00e3o de um Plano de Neg\u00f3cios em Minutos &#8211; Gr\u00e1tis<\/a><\/div><time datetime=\"2026-02-18T22:15:00+00:00\" class=\"wp-block-rss__item-publish-date\">Fevereiro 18, 2026<\/time> <div class=\"wp-block-rss__item-excerpt\">Gerador do Plano de Neg\u00f3cios<\/div><\/li><li class='wp-block-rss__item'><div class='wp-block-rss__item-title'><a href='https:\/\/acasca.blogs.sapo.pt\/novas-regras-do-irs-para-rendas-em-2026-210865'>Novas Regras do IRS para Rendas em 2026<\/a><\/div><time datetime=\"2026-01-16T18:15:00+00:00\" class=\"wp-block-rss__item-publish-date\">Janeiro 16, 2026<\/time> <div class=\"wp-block-rss__item-excerpt\">Novas Regras do IRS para Rendas em 2026: O Que Muda para os Senhorios? Um guia simples sobre a descida de impostos, quem tem direito e o que fazer. Recentemente, as regras fiscais para quem arrenda casas sofreram altera\u00e7\u00f5es importantes, muito por culpa do Or\u00e7amento do Estado para 2026. O [&hellip;]<\/div><\/li><li class='wp-block-rss__item'><div class='wp-block-rss__item-title'><a href='https:\/\/acasca.blogs.sapo.pt\/faturas-e-recibos-no-portal-das-210614'>Faturas e recibos no Portal das Finan\u00e7as &#8211; nova funcionalidade &#8211; Associa\u00e7\u00f5es e IPSS<\/a><\/div><time datetime=\"2026-01-16T09:39:00+00:00\" class=\"wp-block-rss__item-publish-date\">Janeiro 16, 2026<\/time> <div class=\"wp-block-rss__item-excerpt\">Faturas e recibos no Portal das Finan\u00e7as &#8211; nova funcionalidade As pessoas coletivas sem finalidade lucrativa, como associa\u00e7\u00f5es, funda\u00e7\u00f5es e Institui\u00e7\u00f5es Particulares de Solidariedade Social (IPSS), j\u00e1 podem utilizar a aplica\u00e7\u00e3o de fatura\u00e7\u00e3o disponibilizada pela Autoridade Tribut\u00e1ria. Aceda ao Portal das Finan\u00e7as e pesquise por \u201cFaturas e Recibos\u201d. Este servi\u00e7o [&hellip;]<\/div><\/li><li class='wp-block-rss__item'><div class='wp-block-rss__item-title'><a href='https:\/\/acasca.blogs.sapo.pt\/comunicacao-do-inventario-2025-10748'>COMUNICA\u00c7\u00c3O DO INVENT\u00c1RIO 2025<\/a><\/div><time datetime=\"2026-01-02T21:00:00+00:00\" class=\"wp-block-rss__item-publish-date\">Janeiro 2, 2026<\/time> <div class=\"wp-block-rss__item-excerpt\">O Or\u00e7amento de Estado para 2015, agora aprovado, estabelece que todas as pessoas, singulares ou colectivas, que tenham sede, estabelecimento est\u00e1vel ou domic\u00edlio fiscal em territ\u00f3rio portugu\u00eas, que disponham de contabilidade organizada e estejam obrigadas \u00e0 elabora\u00e7\u00e3o de invent\u00e1rio, devem comunicar \u00e0 AT, at\u00e9 ao dia 31 de Janeiro de [&hellip;]<\/div><\/li><li class='wp-block-rss__item'><div class='wp-block-rss__item-title'><a href='https:\/\/acasca.blogs.sapo.pt\/como-elaborar-a-contagem-das-15055'>COMO ELABORAR A CONTAGEM DAS MERCADORIAS EM ARMAZ\u00c9M<\/a><\/div><time datetime=\"2026-01-02T19:00:00+00:00\" class=\"wp-block-rss__item-publish-date\">Janeiro 2, 2026<\/time> <div class=\"wp-block-rss__item-excerpt\">Os invent\u00e1rios correctos s\u00e3o necess\u00e1rios para uma gest\u00e3o da empresa, caso contr\u00e1rio pode obter resultados com erros. Os tipos de produtos sujeitos a invent\u00e1rio: No com\u00e9rcio existem somente as mercadorias, nas unidades industriais devem existir invent\u00e1rios das mat\u00e9rias-primas, produtos acabados e sub-produtos bem como os produtos designados por refugos (n\u00e3o [&hellip;]<\/div><\/li><li class='wp-block-rss__item'><div class='wp-block-rss__item-title'><a href='https:\/\/acasca.blogs.sapo.pt\/rcbe-transparencia-e-conformidade-legal-210058'>RCBE: Transpar\u00eancia e Conformidade Legal<\/a><\/div><time datetime=\"2025-12-22T21:00:00+00:00\" class=\"wp-block-rss__item-publish-date\">Dezembro 22, 2025<\/time> <div class=\"wp-block-rss__item-excerpt\">O Registo Central de Benefici\u00e1rio Efecivo (RCBE) \u00e9 uma obriga\u00e7\u00e3o declarativa fundamental para todas as empresas e entidades constitu\u00eddas em Portugal. Este registo visa identificar todas as pessoas singulares que det\u00eam a propriedade ou o controlo efetivo da entidade, refor\u00e7ando a transpar\u00eancia no mundo empresarial. Principais Obriga\u00e7\u00f5es das Empresas Para [&hellip;]<\/div><\/li><li class='wp-block-rss__item'><div class='wp-block-rss__item-title'><a href='https:\/\/acasca.blogs.sapo.pt\/feliz-natal-e-prospero-ano-novo-de-2026-209420'>Feliz Natal e Pr\u00f3spero Ano Novo de 2026<\/a><\/div><time datetime=\"2025-12-22T18:30:00+00:00\" class=\"wp-block-rss__item-publish-date\">Dezembro 22, 2025<\/time> <div class=\"wp-block-rss__item-excerpt\"><\/div><\/li><\/ul><\/div>\n","protected":false},"excerpt":{"rendered":"","protected":false},"author":1,"featured_media":0,"parent":0,"menu_order":0,"comment_status":"closed","ping_status":"closed","template":"fullwidth.php","meta":{"footnotes":""},"class_list":["post-174","page","type-page","status-publish","hentry"],"_links":{"self":[{"href":"https:\/\/acasca.pt\/index.php?rest_route=\/wp\/v2\/pages\/174","targetHints":{"allow":["GET"]}}],"collection":[{"href":"https:\/\/acasca.pt\/index.php?rest_route=\/wp\/v2\/pages"}],"about":[{"href":"https:\/\/acasca.pt\/index.php?rest_route=\/wp\/v2\/types\/page"}],"author":[{"embeddable":true,"href":"https:\/\/acasca.pt\/index.php?rest_route=\/wp\/v2\/users\/1"}],"replies":[{"embeddable":true,"href":"https:\/\/acasca.pt\/index.php?rest_route=%2Fwp%2Fv2%2Fcomments&post=174"}],"version-history":[{"count":9,"href":"https:\/\/acasca.pt\/index.php?rest_route=\/wp\/v2\/pages\/174\/revisions"}],"predecessor-version":[{"id":263,"href":"https:\/\/acasca.pt\/index.php?rest_route=\/wp\/v2\/pages\/174\/revisions\/263"}],"wp:attachment":[{"href":"https:\/\/acasca.pt\/index.php?rest_route=%2Fwp%2Fv2%2Fmedia&parent=174"}],"curies":[{"name":"wp","href":"https:\/\/api.w.org\/{rel}","templated":true}]}}