{"id":168,"date":"2024-02-22T11:25:13","date_gmt":"2024-02-22T11:25:13","guid":{"rendered":"https:\/\/acasca.pt\/?page_id=168"},"modified":"2024-02-22T11:44:38","modified_gmt":"2024-02-22T11:44:38","slug":"informatica-2","status":"publish","type":"page","link":"https:\/\/acasca.pt\/informatica-2\/","title":{"rendered":"INFORM\u00c1TICA"},"content":{"rendered":"\n<ul class=\"wp-block-list\">\n<li>Marketing digital<\/li>\n\n\n\n<li>Assessoria na determina\u00e7\u00e3o das necessidades inform\u00e1ticas e sistemas de informa\u00e7\u00e3o com a elabora\u00e7\u00e3o de um estudo e apresenta\u00e7\u00e3o de or\u00e7amentos<\/li>\n\n\n\n<li>Com\u00e9rcio e Manuten\u00e7\u00e3o de equipamento inform\u00e1tico<\/li>\n\n\n\n<li>Desenvolvimento e implementa\u00e7\u00e3o de redes inform\u00e1ticas<\/li>\n\n\n\n<li>Desenvolvimento de bases de dados \u00e0 necessidade do cliente<\/li>\n<\/ul>\n","protected":false},"excerpt":{"rendered":"","protected":false},"author":1,"featured_media":0,"parent":0,"menu_order":0,"comment_status":"closed","ping_status":"closed","template":"fullwidth.php","meta":{"footnotes":""},"class_list":["post-168","page","type-page","status-publish","hentry"],"_links":{"self":[{"href":"https:\/\/acasca.pt\/wp-json\/wp\/v2\/pages\/168","targetHints":{"allow":["GET"]}}],"collection":[{"href":"https:\/\/acasca.pt\/wp-json\/wp\/v2\/pages"}],"about":[{"href":"https:\/\/acasca.pt\/wp-json\/wp\/v2\/types\/page"}],"author":[{"embeddable":true,"href":"https:\/\/acasca.pt\/wp-json\/wp\/v2\/users\/1"}],"replies":[{"embeddable":true,"href":"https:\/\/acasca.pt\/wp-json\/wp\/v2\/comments?post=168"}],"version-history":[{"count":1,"href":"https:\/\/acasca.pt\/wp-json\/wp\/v2\/pages\/168\/revisions"}],"predecessor-version":[{"id":170,"href":"https:\/\/acasca.pt\/wp-json\/wp\/v2\/pages\/168\/revisions\/170"}],"wp:attachment":[{"href":"https:\/\/acasca.pt\/wp-json\/wp\/v2\/media?parent=168"}],"curies":[{"name":"wp","href":"https:\/\/api.w.org\/{rel}","templated":true}]}}