{"id":162,"date":"2024-02-22T11:23:32","date_gmt":"2024-02-22T11:23:32","guid":{"rendered":"https:\/\/acasca.pt\/?page_id=162"},"modified":"2024-02-22T11:43:26","modified_gmt":"2024-02-22T11:43:26","slug":"apoio-a-gestao","status":"publish","type":"page","link":"https:\/\/acasca.pt\/apoio-a-gestao\/","title":{"rendered":"APOIO \u00c0 GEST\u00c3O"},"content":{"rendered":"\n<p><strong>Consultadoria \u00e0 gest\u00e3o de PME\u2019s<\/strong><\/p>\n\n\n\n<ul class=\"wp-block-list\">\n<li>Execu\u00e7\u00e3o de relat\u00f3rios financeiros, com a an\u00e1lise da conta de explora\u00e7\u00e3o mensal, gastos, margens brutas, resultados, an\u00e1lise das despesas, fluxos de caixa e concilia\u00e7\u00e3o de contas banc\u00e1rias.<\/li>\n\n\n\n<li>Elabora\u00e7\u00e3o de relat\u00f3rios de redu\u00e7\u00e3o de gastos com a apresenta\u00e7\u00e3o de solu\u00e7\u00f5es alternativa.<\/li>\n\n\n\n<li>Assessoria em neg\u00f3cios nacionais e internacionais.<\/li>\n\n\n\n<li>Elabora\u00e7\u00e3o e gest\u00e3o de projetos de investimentos no \u00e2mbito do novo programa Horizonte 2020 aos programas operacionais e regionais.<\/li>\n\n\n\n<li>Consultadoria ao n\u00edvel do marketing e defini\u00e7\u00e3o estrat\u00e9gica.<\/li>\n\n\n\n<li>Elabora\u00e7\u00e3o de plano de neg\u00f3cios.<\/li>\n<\/ul>\n","protected":false},"excerpt":{"rendered":"<p>Consultadoria \u00e0 gest\u00e3o de PME\u2019s<\/p>\n","protected":false},"author":1,"featured_media":0,"parent":0,"menu_order":0,"comment_status":"closed","ping_status":"closed","template":"fullwidth.php","meta":{"footnotes":""},"class_list":["post-162","page","type-page","status-publish","hentry"],"_links":{"self":[{"href":"https:\/\/acasca.pt\/wp-json\/wp\/v2\/pages\/162","targetHints":{"allow":["GET"]}}],"collection":[{"href":"https:\/\/acasca.pt\/wp-json\/wp\/v2\/pages"}],"about":[{"href":"https:\/\/acasca.pt\/wp-json\/wp\/v2\/types\/page"}],"author":[{"embeddable":true,"href":"https:\/\/acasca.pt\/wp-json\/wp\/v2\/users\/1"}],"replies":[{"embeddable":true,"href":"https:\/\/acasca.pt\/wp-json\/wp\/v2\/comments?post=162"}],"version-history":[{"count":1,"href":"https:\/\/acasca.pt\/wp-json\/wp\/v2\/pages\/162\/revisions"}],"predecessor-version":[{"id":164,"href":"https:\/\/acasca.pt\/wp-json\/wp\/v2\/pages\/162\/revisions\/164"}],"wp:attachment":[{"href":"https:\/\/acasca.pt\/wp-json\/wp\/v2\/media?parent=162"}],"curies":[{"name":"wp","href":"https:\/\/api.w.org\/{rel}","templated":true}]}}