{"id":156,"date":"2024-02-22T11:20:12","date_gmt":"2024-02-22T11:20:12","guid":{"rendered":"https:\/\/acasca.pt\/?page_id=156"},"modified":"2024-02-22T11:43:58","modified_gmt":"2024-02-22T11:43:58","slug":"contabilidade-organizada","status":"publish","type":"page","link":"https:\/\/acasca.pt\/?page_id=156","title":{"rendered":"CONTABILIDADE ORGANIZADA"},"content":{"rendered":"\n<p>Contabilidade de Sociedades Comerciais, IPSS, Associa\u00e7\u00f5es e Entidades p\u00fablicas<\/p>\n\n\n\n<p>Contabilidade geral ou contabilidade anal\u00edtica<\/p>\n\n\n\n<p>Recupera\u00e7\u00e3o de contabilidades<\/p>\n\n\n\n<p>Preenchimento e entrega de todas as declara\u00e7\u00f5es fiscais obrigat\u00f3rias.<\/p>\n","protected":false},"excerpt":{"rendered":"<p>Contabilidade de Sociedades Comerciais, IPSS, Associa\u00e7\u00f5es e Entidades p\u00fablicas Contabilidade geral ou contabilidade anal\u00edtica Recupera\u00e7\u00e3o de contabilidades Preenchimento e entrega de todas as declara\u00e7\u00f5es fiscais obrigat\u00f3rias.<\/p>\n","protected":false},"author":1,"featured_media":0,"parent":0,"menu_order":0,"comment_status":"closed","ping_status":"closed","template":"fullwidth.php","meta":{"footnotes":""},"class_list":["post-156","page","type-page","status-publish","hentry"],"_links":{"self":[{"href":"https:\/\/acasca.pt\/index.php?rest_route=\/wp\/v2\/pages\/156","targetHints":{"allow":["GET"]}}],"collection":[{"href":"https:\/\/acasca.pt\/index.php?rest_route=\/wp\/v2\/pages"}],"about":[{"href":"https:\/\/acasca.pt\/index.php?rest_route=\/wp\/v2\/types\/page"}],"author":[{"embeddable":true,"href":"https:\/\/acasca.pt\/index.php?rest_route=\/wp\/v2\/users\/1"}],"replies":[{"embeddable":true,"href":"https:\/\/acasca.pt\/index.php?rest_route=%2Fwp%2Fv2%2Fcomments&post=156"}],"version-history":[{"count":1,"href":"https:\/\/acasca.pt\/index.php?rest_route=\/wp\/v2\/pages\/156\/revisions"}],"predecessor-version":[{"id":158,"href":"https:\/\/acasca.pt\/index.php?rest_route=\/wp\/v2\/pages\/156\/revisions\/158"}],"wp:attachment":[{"href":"https:\/\/acasca.pt\/index.php?rest_route=%2Fwp%2Fv2%2Fmedia&parent=156"}],"curies":[{"name":"wp","href":"https:\/\/api.w.org\/{rel}","templated":true}]}}