{"id":113,"date":"2024-02-21T18:41:46","date_gmt":"2024-02-21T18:41:46","guid":{"rendered":"https:\/\/acasca.pt\/?page_id=113"},"modified":"2025-01-03T16:41:25","modified_gmt":"2025-01-03T16:41:25","slug":"contactos","status":"publish","type":"page","link":"https:\/\/acasca.pt\/contactos\/","title":{"rendered":"CONTACTOS"},"content":{"rendered":"\n<p><\/p>\n\n\n\n<figure class=\"wp-block-table aligncenter is-style-stripes\"><table class=\"has-fixed-layout\"><thead><tr><th>Sede<\/th><\/tr><\/thead><tbody><tr><td><i class=\"fas fa-location-dot\"><\/i> Ladeira da Portela da Cobi\u00e7a, 169B, 3030- 168 COIMBRA<\/td><\/tr><tr><td><i class=\"fas fa-phone\"><\/i> 239 992 044 (Rede fixa)<\/td><\/tr><tr><td><i class=\"fas fa-mobile-screen-button\"><\/i> Telem\u00f3vel: 918 170 291 (Rede m\u00f3vel)<\/td><\/tr><tr><td><i class=\"fas fa-at\"><\/i> contabilidade.a.casca.lda@gmail.com<\/td><\/tr><tr><td><i class=\"fas fa-rss\"><\/i> <a href=\"https:\/\/acasca.blogs.sapo.pt\/?fbclid=IwAR39fl9BxyZQ2WwY78ak11YLXdJvMXGPBJV0k8T7Vh60nOHlncLttCUKGJA\" target=\"_blank\" rel=\"noreferrer noopener\">https:\/\/acasca.blogs.sapo.pt\/<\/a><\/td><\/tr><\/tbody><\/table><\/figure>\n\n\n\n<p><\/p>\n\n\n\n<hr class=\"wp-block-separator has-alpha-channel-opacity\"\/>\n\n\n\n<p class=\"has-text-align-center\"><a href=\"https:\/\/acasca.pt\/?page_id=121\" data-type=\"page\" data-id=\"121\" target=\"_blank\" rel=\"noreferrer noopener\">Termos de Utiliza\u00e7\u00e3o<\/a> dos Dados Pessoais.<\/p>\n\n\n\n<hr class=\"wp-block-separator has-alpha-channel-opacity\"\/>\n\n\n\n<p class=\"has-text-align-center\">Em cumprimento da Lei N.\u00ba 144\/2015 informam-se os senhores consumidores que disp\u00f5e de meios extrajudiciais para a resolu\u00e7\u00e3o de conflitos: CACCDC &#8211; <a href=\"http:\/\/centrodearbitragemdecoimbra.com\/\" data-type=\"link\" data-id=\"http:\/\/centrodearbitragemdecoimbra.com\/\">www.centrodearbitragemdecoimbra.com<\/a><\/p>\n\n\n<div class=\"wp-block-image\">\n<figure class=\"aligncenter size-full is-resized\"><a href=\"https:\/\/www.livroreclamacoes.pt\/Inicio\/\" target=\"_blank\" rel=\" noreferrer noopener\"><img fetchpriority=\"high\" decoding=\"async\" width=\"1000\" height=\"377\" src=\"https:\/\/ml67rc0uu4sk.i.optimole.com\/w:auto\/h:auto\/q:mauto\/ig:avif\/https:\/\/acasca.pt\/wp-content\/uploads\/2025\/01\/LivroReclamacoesOnline-1.png\" alt=\"\" class=\"wp-image-289\" style=\"width:125px\"\/><\/a><\/figure>\n<\/div>\n\n\n<p><\/p>\n","protected":false},"excerpt":{"rendered":"<p>Sede Ladeira da Portela da Cobi\u00e7a, 169B, 3030- 168 COIMBRA 239 992 044 (Rede fixa) Telem\u00f3vel: 918 170 291 (Rede m\u00f3vel) contabilidade.a.casca.lda@gmail.com https:\/\/acasca.blogs.sapo.pt\/ Termos de Utiliza\u00e7\u00e3o dos Dados Pessoais. Em cumprimento da Lei N.\u00ba 144\/2015 informam-se os senhores consumidores que disp\u00f5e de meios extrajudiciais para a resolu\u00e7\u00e3o de conflitos: CACCDC &#8211; www.centrodearbitragemdecoimbra.com<\/p>\n","protected":false},"author":1,"featured_media":0,"parent":0,"menu_order":0,"comment_status":"closed","ping_status":"closed","template":"fullwidth.php","meta":{"footnotes":""},"class_list":["post-113","page","type-page","status-publish","hentry"],"_links":{"self":[{"href":"https:\/\/acasca.pt\/wp-json\/wp\/v2\/pages\/113","targetHints":{"allow":["GET"]}}],"collection":[{"href":"https:\/\/acasca.pt\/wp-json\/wp\/v2\/pages"}],"about":[{"href":"https:\/\/acasca.pt\/wp-json\/wp\/v2\/types\/page"}],"author":[{"embeddable":true,"href":"https:\/\/acasca.pt\/wp-json\/wp\/v2\/users\/1"}],"replies":[{"embeddable":true,"href":"https:\/\/acasca.pt\/wp-json\/wp\/v2\/comments?post=113"}],"version-history":[{"count":18,"href":"https:\/\/acasca.pt\/wp-json\/wp\/v2\/pages\/113\/revisions"}],"predecessor-version":[{"id":290,"href":"https:\/\/acasca.pt\/wp-json\/wp\/v2\/pages\/113\/revisions\/290"}],"wp:attachment":[{"href":"https:\/\/acasca.pt\/wp-json\/wp\/v2\/media?parent=113"}],"curies":[{"name":"wp","href":"https:\/\/api.w.org\/{rel}","templated":true}]}}